{"id":17,"date":"2025-12-07T19:33:32","date_gmt":"2025-12-07T16:33:32","guid":{"rendered":"https:\/\/ithalatdanismanim.com\/en\/?page_id=17"},"modified":"2025-12-13T12:30:40","modified_gmt":"2025-12-13T09:30:40","slug":"references","status":"publish","type":"page","link":"https:\/\/ithalatdanismanim.com\/en\/references\/","title":{"rendered":"References"},"content":{"rendered":"<h3><em>For reasons of confidentiality, certain references are not disclosed&#8230;<\/em><\/h3>\n<div id=\"team_members\"><div class=\"teammember-list\"><div class=\"thumnailbx-border\"><div class=\"thumnailbx\"><img loading=\"lazy\" decoding=\"async\" width=\"300\" height=\"214\" src=\"https:\/\/ithalatdanismanim.com\/en\/wp-content\/uploads\/sites\/2\/2025\/12\/bayraktar-1.jpg\" class=\"attachment-post-thumbnail size-post-thumbnail wp-post-image\" alt=\"\" srcset=\"https:\/\/ithalatdanismanim.com\/en\/wp-content\/uploads\/sites\/2\/2025\/12\/bayraktar-1.jpg 300w, https:\/\/ithalatdanismanim.com\/en\/wp-content\/uploads\/sites\/2\/2025\/12\/bayraktar-1-24x17.jpg 24w, https:\/\/ithalatdanismanim.com\/en\/wp-content\/uploads\/sites\/2\/2025\/12\/bayraktar-1-36x26.jpg 36w, https:\/\/ithalatdanismanim.com\/en\/wp-content\/uploads\/sites\/2\/2025\/12\/bayraktar-1-48x34.jpg 48w\" sizes=\"auto, (max-width: 300px) 100vw, 300px\" \/><\/a><div class=\"member-social-icon\"><div class=\"clear\"><\/div><\/div><\/div><\/div><div class=\"titledesbox\">\n\t\t\t\t            <h5 class=\"title\">BAYKAR<\/h5>\n\t\t\t\t\t\t\t<cite><\/cite>\n\t\t\t\t\t\t<\/div><\/div><div class=\"teammember-list lastcols\"><div class=\"thumnailbx-border\"><div class=\"thumnailbx\"><img loading=\"lazy\" decoding=\"async\" width=\"300\" height=\"214\" src=\"https:\/\/ithalatdanismanim.com\/en\/wp-content\/uploads\/sites\/2\/2025\/12\/assan-1.jpg\" class=\"attachment-post-thumbnail size-post-thumbnail wp-post-image\" alt=\"\" srcset=\"https:\/\/ithalatdanismanim.com\/en\/wp-content\/uploads\/sites\/2\/2025\/12\/assan-1.jpg 300w, https:\/\/ithalatdanismanim.com\/en\/wp-content\/uploads\/sites\/2\/2025\/12\/assan-1-24x17.jpg 24w, https:\/\/ithalatdanismanim.com\/en\/wp-content\/uploads\/sites\/2\/2025\/12\/assan-1-36x26.jpg 36w, https:\/\/ithalatdanismanim.com\/en\/wp-content\/uploads\/sites\/2\/2025\/12\/assan-1-48x34.jpg 48w\" sizes=\"auto, (max-width: 300px) 100vw, 300px\" \/><\/a><div class=\"member-social-icon\"><div class=\"clear\"><\/div><\/div><\/div><\/div><div class=\"titledesbox\">\n\t\t\t\t            <h5 class=\"title\">ASSAN<\/h5>\n\t\t\t\t\t\t\t<cite><\/cite>\n\t\t\t\t\t\t<\/div><\/div><div class=\"teammember-list\"><div class=\"thumnailbx-border\"><div class=\"thumnailbx\"><img loading=\"lazy\" decoding=\"async\" width=\"300\" height=\"214\" src=\"https:\/\/ithalatdanismanim.com\/en\/wp-content\/uploads\/sites\/2\/2025\/12\/asprubber-1.jpg\" class=\"attachment-post-thumbnail size-post-thumbnail wp-post-image\" alt=\"\" srcset=\"https:\/\/ithalatdanismanim.com\/en\/wp-content\/uploads\/sites\/2\/2025\/12\/asprubber-1.jpg 300w, https:\/\/ithalatdanismanim.com\/en\/wp-content\/uploads\/sites\/2\/2025\/12\/asprubber-1-24x17.jpg 24w, https:\/\/ithalatdanismanim.com\/en\/wp-content\/uploads\/sites\/2\/2025\/12\/asprubber-1-36x26.jpg 36w, https:\/\/ithalatdanismanim.com\/en\/wp-content\/uploads\/sites\/2\/2025\/12\/asprubber-1-48x34.jpg 48w\" sizes=\"auto, (max-width: 300px) 100vw, 300px\" \/><\/a><div class=\"member-social-icon\"><div class=\"clear\"><\/div><\/div><\/div><\/div><div class=\"titledesbox\">\n\t\t\t\t            <h5 class=\"title\">ASPRUBBER<\/h5>\n\t\t\t\t\t\t\t<cite><\/cite>\n\t\t\t\t\t\t<\/div><\/div><div class=\"teammember-list lastcols\"><div class=\"thumnailbx-border\"><div class=\"thumnailbx\"><img loading=\"lazy\" decoding=\"async\" width=\"300\" height=\"214\" src=\"https:\/\/ithalatdanismanim.com\/en\/wp-content\/uploads\/sites\/2\/2025\/12\/asp-1.jpg\" class=\"attachment-post-thumbnail size-post-thumbnail wp-post-image\" alt=\"\" srcset=\"https:\/\/ithalatdanismanim.com\/en\/wp-content\/uploads\/sites\/2\/2025\/12\/asp-1.jpg 300w, https:\/\/ithalatdanismanim.com\/en\/wp-content\/uploads\/sites\/2\/2025\/12\/asp-1-24x17.jpg 24w, https:\/\/ithalatdanismanim.com\/en\/wp-content\/uploads\/sites\/2\/2025\/12\/asp-1-36x26.jpg 36w, https:\/\/ithalatdanismanim.com\/en\/wp-content\/uploads\/sites\/2\/2025\/12\/asp-1-48x34.jpg 48w\" sizes=\"auto, (max-width: 300px) 100vw, 300px\" \/><\/a><div class=\"member-social-icon\"><div class=\"clear\"><\/div><\/div><\/div><\/div><div class=\"titledesbox\">\n\t\t\t\t            <h5 class=\"title\">ASP<\/h5>\n\t\t\t\t\t\t\t<cite><\/cite>\n\t\t\t\t\t\t<\/div><\/div><div class=\"teammember-list\"><div class=\"thumnailbx-border\"><div class=\"thumnailbx\"><img loading=\"lazy\" decoding=\"async\" width=\"300\" height=\"214\" src=\"https:\/\/ithalatdanismanim.com\/en\/wp-content\/uploads\/sites\/2\/2025\/12\/mke-1.jpg\" class=\"attachment-post-thumbnail size-post-thumbnail wp-post-image\" alt=\"\" srcset=\"https:\/\/ithalatdanismanim.com\/en\/wp-content\/uploads\/sites\/2\/2025\/12\/mke-1.jpg 300w, https:\/\/ithalatdanismanim.com\/en\/wp-content\/uploads\/sites\/2\/2025\/12\/mke-1-24x17.jpg 24w, https:\/\/ithalatdanismanim.com\/en\/wp-content\/uploads\/sites\/2\/2025\/12\/mke-1-36x26.jpg 36w, https:\/\/ithalatdanismanim.com\/en\/wp-content\/uploads\/sites\/2\/2025\/12\/mke-1-48x34.jpg 48w\" sizes=\"auto, (max-width: 300px) 100vw, 300px\" \/><\/a><div class=\"member-social-icon\"><div class=\"clear\"><\/div><\/div><\/div><\/div><div class=\"titledesbox\">\n\t\t\t\t            <h5 class=\"title\">MKE GENEL M\u00dcD\u00dcRL\u00dc\u011e\u00dc<\/h5>\n\t\t\t\t\t\t\t<cite><\/cite>\n\t\t\t\t\t\t<\/div><\/div><div class=\"teammember-list lastcols\"><div class=\"thumnailbx-border\"><div class=\"thumnailbx\"><img loading=\"lazy\" decoding=\"async\" width=\"300\" height=\"214\" src=\"https:\/\/ithalatdanismanim.com\/en\/wp-content\/uploads\/sites\/2\/2025\/12\/gurgenler-1.jpg\" class=\"attachment-post-thumbnail size-post-thumbnail wp-post-image\" alt=\"\" srcset=\"https:\/\/ithalatdanismanim.com\/en\/wp-content\/uploads\/sites\/2\/2025\/12\/gurgenler-1.jpg 300w, https:\/\/ithalatdanismanim.com\/en\/wp-content\/uploads\/sites\/2\/2025\/12\/gurgenler-1-24x17.jpg 24w, https:\/\/ithalatdanismanim.com\/en\/wp-content\/uploads\/sites\/2\/2025\/12\/gurgenler-1-36x26.jpg 36w, https:\/\/ithalatdanismanim.com\/en\/wp-content\/uploads\/sites\/2\/2025\/12\/gurgenler-1-48x34.jpg 48w\" sizes=\"auto, (max-width: 300px) 100vw, 300px\" \/><\/a><div class=\"member-social-icon\"><div class=\"clear\"><\/div><\/div><\/div><\/div><div class=\"titledesbox\">\n\t\t\t\t            <h5 class=\"title\">G\u00dcRGENLER A.\u015e<\/h5>\n\t\t\t\t\t\t\t<cite><\/cite>\n\t\t\t\t\t\t<\/div><\/div><div class=\"teammember-list\"><div class=\"thumnailbx-border\"><div class=\"thumnailbx\"><img loading=\"lazy\" decoding=\"async\" width=\"300\" height=\"214\" src=\"https:\/\/ithalatdanismanim.com\/en\/wp-content\/uploads\/sites\/2\/2025\/12\/eroglu-1.jpg\" class=\"attachment-post-thumbnail size-post-thumbnail wp-post-image\" alt=\"\" srcset=\"https:\/\/ithalatdanismanim.com\/en\/wp-content\/uploads\/sites\/2\/2025\/12\/eroglu-1.jpg 300w, https:\/\/ithalatdanismanim.com\/en\/wp-content\/uploads\/sites\/2\/2025\/12\/eroglu-1-24x17.jpg 24w, https:\/\/ithalatdanismanim.com\/en\/wp-content\/uploads\/sites\/2\/2025\/12\/eroglu-1-36x26.jpg 36w, https:\/\/ithalatdanismanim.com\/en\/wp-content\/uploads\/sites\/2\/2025\/12\/eroglu-1-48x34.jpg 48w\" sizes=\"auto, (max-width: 300px) 100vw, 300px\" \/><\/a><div class=\"member-social-icon\"><div class=\"clear\"><\/div><\/div><\/div><\/div><div class=\"titledesbox\">\n\t\t\t\t            <h5 class=\"title\">ERO\u011eLU FITTINGS<\/h5>\n\t\t\t\t\t\t\t<cite><\/cite>\n\t\t\t\t\t\t<\/div><\/div><div class=\"teammember-list lastcols\"><div class=\"thumnailbx-border\"><div class=\"thumnailbx\"><img loading=\"lazy\" decoding=\"async\" width=\"300\" height=\"214\" src=\"https:\/\/ithalatdanismanim.com\/en\/wp-content\/uploads\/sites\/2\/2025\/12\/rsa-1.jpg\" class=\"attachment-post-thumbnail size-post-thumbnail wp-post-image\" alt=\"\" srcset=\"https:\/\/ithalatdanismanim.com\/en\/wp-content\/uploads\/sites\/2\/2025\/12\/rsa-1.jpg 300w, https:\/\/ithalatdanismanim.com\/en\/wp-content\/uploads\/sites\/2\/2025\/12\/rsa-1-24x17.jpg 24w, https:\/\/ithalatdanismanim.com\/en\/wp-content\/uploads\/sites\/2\/2025\/12\/rsa-1-36x26.jpg 36w, https:\/\/ithalatdanismanim.com\/en\/wp-content\/uploads\/sites\/2\/2025\/12\/rsa-1-48x34.jpg 48w\" sizes=\"auto, (max-width: 300px) 100vw, 300px\" \/><\/a><div class=\"member-social-icon\"><div class=\"clear\"><\/div><\/div><\/div><\/div><div class=\"titledesbox\">\n\t\t\t\t            <h5 class=\"title\">RSA TES\u0130SAT MALZEMELER\u0130<\/h5>\n\t\t\t\t\t\t\t<cite><\/cite>\n\t\t\t\t\t\t<\/div><\/div><div class=\"teammember-list\"><div class=\"thumnailbx-border\"><div class=\"thumnailbx\"><img loading=\"lazy\" decoding=\"async\" width=\"300\" height=\"214\" src=\"https:\/\/ithalatdanismanim.com\/en\/wp-content\/uploads\/sites\/2\/2025\/12\/sardogan-1.jpg\" class=\"attachment-post-thumbnail size-post-thumbnail wp-post-image\" alt=\"\" srcset=\"https:\/\/ithalatdanismanim.com\/en\/wp-content\/uploads\/sites\/2\/2025\/12\/sardogan-1.jpg 300w, https:\/\/ithalatdanismanim.com\/en\/wp-content\/uploads\/sites\/2\/2025\/12\/sardogan-1-24x17.jpg 24w, https:\/\/ithalatdanismanim.com\/en\/wp-content\/uploads\/sites\/2\/2025\/12\/sardogan-1-36x26.jpg 36w, https:\/\/ithalatdanismanim.com\/en\/wp-content\/uploads\/sites\/2\/2025\/12\/sardogan-1-48x34.jpg 48w\" sizes=\"auto, (max-width: 300px) 100vw, 300px\" \/><\/a><div class=\"member-social-icon\"><div class=\"clear\"><\/div><\/div><\/div><\/div><div class=\"titledesbox\">\n\t\t\t\t            <h5 class=\"title\">SARDO\u011eAN DEM\u0130R \u00c7EL\u0130K<\/h5>\n\t\t\t\t\t\t\t<cite><\/cite>\n\t\t\t\t\t\t<\/div><\/div><div class=\"teammember-list lastcols\"><div class=\"thumnailbx-border\"><div class=\"thumnailbx\"><img loading=\"lazy\" decoding=\"async\" width=\"300\" height=\"214\" src=\"https:\/\/ithalatdanismanim.com\/en\/wp-content\/uploads\/sites\/2\/2025\/12\/ankara-celik-boru-1.jpg\" class=\"attachment-post-thumbnail size-post-thumbnail wp-post-image\" alt=\"\" srcset=\"https:\/\/ithalatdanismanim.com\/en\/wp-content\/uploads\/sites\/2\/2025\/12\/ankara-celik-boru-1.jpg 300w, https:\/\/ithalatdanismanim.com\/en\/wp-content\/uploads\/sites\/2\/2025\/12\/ankara-celik-boru-1-24x17.jpg 24w, https:\/\/ithalatdanismanim.com\/en\/wp-content\/uploads\/sites\/2\/2025\/12\/ankara-celik-boru-1-36x26.jpg 36w, https:\/\/ithalatdanismanim.com\/en\/wp-content\/uploads\/sites\/2\/2025\/12\/ankara-celik-boru-1-48x34.jpg 48w\" sizes=\"auto, (max-width: 300px) 100vw, 300px\" \/><\/a><div class=\"member-social-icon\"><div class=\"clear\"><\/div><\/div><\/div><\/div><div class=\"titledesbox\">\n\t\t\t\t            <h5 class=\"title\">ANKARA \u00c7EL\u0130K BORU<\/h5>\n\t\t\t\t\t\t\t<cite><\/cite>\n\t\t\t\t\t\t<\/div><\/div><div class=\"clear\"><\/div><\/div><div class=\"clear\"><\/div>\n","protected":false},"excerpt":{"rendered":"<p>For reasons of confidentiality, certain references are not disclosed&#8230;<\/p>\n","protected":false},"author":1,"featured_media":0,"parent":0,"menu_order":0,"comment_status":"closed","ping_status":"closed","template":"template-parts\/template-full-width.php","meta":{"footnotes":""},"class_list":["post-17","page","type-page","status-publish","hentry"],"yoast_head":"<!-- This site is optimized with the Yoast SEO plugin v27.4 - https:\/\/yoast.com\/product\/yoast-seo-wordpress\/ -->\n<title>References - Import Consultant<\/title>\n<meta name=\"robots\" content=\"index, follow, max-snippet:-1, max-image-preview:large, max-video-preview:-1\" \/>\n<link rel=\"canonical\" href=\"https:\/\/ithalatdanismanim.com\/en\/references\/\" \/>\n<meta property=\"og:locale\" content=\"tr_TR\" \/>\n<meta property=\"og:type\" content=\"article\" \/>\n<meta property=\"og:title\" content=\"References - Import Consultant\" \/>\n<meta property=\"og:description\" content=\"For reasons of confidentiality, certain references are not disclosed&#8230;\" \/>\n<meta property=\"og:url\" content=\"https:\/\/ithalatdanismanim.com\/en\/references\/\" \/>\n<meta property=\"og:site_name\" content=\"Import Consultant\" \/>\n<meta property=\"article:modified_time\" content=\"2025-12-13T09:30:40+00:00\" \/>\n<meta name=\"twitter:card\" content=\"summary_large_image\" \/>\n<script type=\"application\/ld+json\" class=\"yoast-schema-graph\">{\"@context\":\"https:\\\/\\\/schema.org\",\"@graph\":[{\"@type\":\"WebPage\",\"@id\":\"https:\\\/\\\/ithalatdanismanim.com\\\/en\\\/references\\\/\",\"url\":\"https:\\\/\\\/ithalatdanismanim.com\\\/en\\\/references\\\/\",\"name\":\"References - Import Consultant\",\"isPartOf\":{\"@id\":\"https:\\\/\\\/ithalatdanismanim.com\\\/en\\\/#website\"},\"datePublished\":\"2025-12-07T16:33:32+00:00\",\"dateModified\":\"2025-12-13T09:30:40+00:00\",\"breadcrumb\":{\"@id\":\"https:\\\/\\\/ithalatdanismanim.com\\\/en\\\/references\\\/#breadcrumb\"},\"inLanguage\":\"tr\",\"potentialAction\":[{\"@type\":\"ReadAction\",\"target\":[\"https:\\\/\\\/ithalatdanismanim.com\\\/en\\\/references\\\/\"]}]},{\"@type\":\"BreadcrumbList\",\"@id\":\"https:\\\/\\\/ithalatdanismanim.com\\\/en\\\/references\\\/#breadcrumb\",\"itemListElement\":[{\"@type\":\"ListItem\",\"position\":1,\"name\":\"Anasayfa\",\"item\":\"https:\\\/\\\/ithalatdanismanim.com\\\/en\\\/\"},{\"@type\":\"ListItem\",\"position\":2,\"name\":\"References\"}]},{\"@type\":\"WebSite\",\"@id\":\"https:\\\/\\\/ithalatdanismanim.com\\\/en\\\/#website\",\"url\":\"https:\\\/\\\/ithalatdanismanim.com\\\/en\\\/\",\"name\":\"Import Consultant\",\"description\":\"\",\"potentialAction\":[{\"@type\":\"SearchAction\",\"target\":{\"@type\":\"EntryPoint\",\"urlTemplate\":\"https:\\\/\\\/ithalatdanismanim.com\\\/en\\\/?s={search_term_string}\"},\"query-input\":{\"@type\":\"PropertyValueSpecification\",\"valueRequired\":true,\"valueName\":\"search_term_string\"}}],\"inLanguage\":\"tr\"}]}<\/script>\n<!-- \/ Yoast SEO plugin. -->","yoast_head_json":{"title":"References - Import Consultant","robots":{"index":"index","follow":"follow","max-snippet":"max-snippet:-1","max-image-preview":"max-image-preview:large","max-video-preview":"max-video-preview:-1"},"canonical":"https:\/\/ithalatdanismanim.com\/en\/references\/","og_locale":"tr_TR","og_type":"article","og_title":"References - Import Consultant","og_description":"For reasons of confidentiality, certain references are not disclosed&#8230;","og_url":"https:\/\/ithalatdanismanim.com\/en\/references\/","og_site_name":"Import Consultant","article_modified_time":"2025-12-13T09:30:40+00:00","twitter_card":"summary_large_image","schema":{"@context":"https:\/\/schema.org","@graph":[{"@type":"WebPage","@id":"https:\/\/ithalatdanismanim.com\/en\/references\/","url":"https:\/\/ithalatdanismanim.com\/en\/references\/","name":"References - Import Consultant","isPartOf":{"@id":"https:\/\/ithalatdanismanim.com\/en\/#website"},"datePublished":"2025-12-07T16:33:32+00:00","dateModified":"2025-12-13T09:30:40+00:00","breadcrumb":{"@id":"https:\/\/ithalatdanismanim.com\/en\/references\/#breadcrumb"},"inLanguage":"tr","potentialAction":[{"@type":"ReadAction","target":["https:\/\/ithalatdanismanim.com\/en\/references\/"]}]},{"@type":"BreadcrumbList","@id":"https:\/\/ithalatdanismanim.com\/en\/references\/#breadcrumb","itemListElement":[{"@type":"ListItem","position":1,"name":"Anasayfa","item":"https:\/\/ithalatdanismanim.com\/en\/"},{"@type":"ListItem","position":2,"name":"References"}]},{"@type":"WebSite","@id":"https:\/\/ithalatdanismanim.com\/en\/#website","url":"https:\/\/ithalatdanismanim.com\/en\/","name":"Import Consultant","description":"","potentialAction":[{"@type":"SearchAction","target":{"@type":"EntryPoint","urlTemplate":"https:\/\/ithalatdanismanim.com\/en\/?s={search_term_string}"},"query-input":{"@type":"PropertyValueSpecification","valueRequired":true,"valueName":"search_term_string"}}],"inLanguage":"tr"}]}},"_links":{"self":[{"href":"https:\/\/ithalatdanismanim.com\/en\/wp-json\/wp\/v2\/pages\/17","targetHints":{"allow":["GET"]}}],"collection":[{"href":"https:\/\/ithalatdanismanim.com\/en\/wp-json\/wp\/v2\/pages"}],"about":[{"href":"https:\/\/ithalatdanismanim.com\/en\/wp-json\/wp\/v2\/types\/page"}],"author":[{"embeddable":true,"href":"https:\/\/ithalatdanismanim.com\/en\/wp-json\/wp\/v2\/users\/1"}],"replies":[{"embeddable":true,"href":"https:\/\/ithalatdanismanim.com\/en\/wp-json\/wp\/v2\/comments?post=17"}],"version-history":[{"count":6,"href":"https:\/\/ithalatdanismanim.com\/en\/wp-json\/wp\/v2\/pages\/17\/revisions"}],"predecessor-version":[{"id":151,"href":"https:\/\/ithalatdanismanim.com\/en\/wp-json\/wp\/v2\/pages\/17\/revisions\/151"}],"wp:attachment":[{"href":"https:\/\/ithalatdanismanim.com\/en\/wp-json\/wp\/v2\/media?parent=17"}],"curies":[{"name":"wp","href":"https:\/\/api.w.org\/{rel}","templated":true}]}}